{"id":10,"date":"2015-09-16T09:36:10","date_gmt":"2015-09-16T09:36:10","guid":{"rendered":"http:\/\/mit-se.net\/?page_id=10"},"modified":"2015-11-24T12:39:53","modified_gmt":"2015-11-24T12:39:53","slug":"glasfasertechnik","status":"publish","type":"page","link":"http:\/\/mit-se.net\/?page_id=10","title":{"rendered":"Glasfasertechnik"},"content":{"rendered":"<p>Ihr Ort wurde mit Glasfaser verkabelt, die Anschlusseinheit (CPE) in Ihrem Haus montiert.<\/p>\n<p>Von Ihrem Betreiber werden Sie informiert, ab wann Sie die bestellten Dienste nutzen k\u00f6nnen. Dies ist in der Regel abh\u00e4ngig von der K\u00fcndigungsfrist bei Ihrem bisherigen Anbieter. Auf Wunsch k\u00f6nnen die Dienste Internet und TV oftmals schon kurz nach Installation der CPE genutzt werden.<\/p>\n<p><strong>Telefon<\/strong><\/p>\n<p>ISDN, Analog oder SIP? Haben Sie keine Telefonanlage sollten Sie weiterhin einen analogen Anschluss nutzen. Zus\u00e4tzlich haben Sie jetzt die M\u00f6glichkeit eine 2. Nummer zu nutzen. Auch die Komfortmerkmale wie Anklopfen u.\u00e4. sind mit dem analogen Anschluss m\u00f6glich. Oftmals ben\u00f6tigen Sie lediglich einen Adapter von RJ 11 auf TAE um Ihr bisheriges Telefon weiternutzen zu k\u00f6nnen.<\/p>\n<p>Mit der Umstellung Ihres Anschlusses haben Sie die M\u00f6glichkeit den ganzen Kabelsalat zu entwirren und trotzdem alle Komfortmerkmale eines digitalen Anschlusses zu nutzen. Der a\/b Wandler entf\u00e4llt und der NTBA auch.<\/p>\n<p>Bei einem ISDN Anschluss erhalten Sie neben der CPE ein schwarze Box (Patton). Diese stellt Ihnen den S0-Anschluss f\u00fcr Ihre Telefonanlage zur Verf\u00fcgung. Sollten \u00c4nderungen in Ihrer Telefonanlage notwendig sein, sprechen Sie uns an.<\/p>\n<p>Haben Sie Ihren Telefonanschluss mit der Option &#8222;SIP&#8220; beauftragt, ben\u00f6tigen Sie ein SIP-f\u00e4higes Endger\u00e4t. Dies kann eine FRITZ!Box, ein PC-Client oder ein VoIP Telefon sein.<\/p>\n<p><strong>Internet<\/strong><\/p>\n<p>Je nach Baugebiet und Anbieter werden unterschiedliche Endger\u00e4te verbaut. Die CPE stellt Ihnen einen direkten Netzwerkanschluss zur Verf\u00fcgung. Damit k\u00f6nnten Sie Ihren PC oder Ihr Notebook mit einen Netzwerkkabel anschliessen und ohne weitere Angaben oder Software auf das Internet zugreifen. Wir empfehlen jedoch aus Sicherheits- und Geschwindigkeitsgr\u00fcnden die Verwendung eines Routers (als Zusatzger\u00e4t oder im Endger\u00e4t aktiviert)<\/p>\n<p>Netzwerkkabel, Netzwerkdosen, Router und Adapter bieten wir Ihnen gerne an.<\/p>\n<p>Gerne pr\u00fcfen wir auch die M\u00f6glichkeit Ihren vorhanden Router weiterzuverwenden und konfigurieren diesen.<\/p>\n<p>Es wird kein DSL-Modem oder \u00e4hnliches ben\u00f6tigt.<\/p>\n<p>Wir konfigurieren auch Ihre vorhandenen Router<\/p>\n<p>Speedport &#8211; Die Speedport Reihe der Telekom funktioniert i.d.R. nur eingeschr\u00e4nkt bis gar nicht am Anschluss der CPE. Eine Besonderheit (und nur f\u00fcr Bastler !!!) ist die SpeedBox! Firmware auf bestimmten Modellen..<\/p>\n<p>Viele AVM Fritz!Boxen k\u00f6nnen am Glasfaseranschluss betrieben werden und erweitern mit ihren vielen Zusatzfunktionen die M\u00f6glichkeiten in ihrem Heimnetzwerk.<\/p>\n<p><strong>TV<\/strong><\/p>\n<p>TV Signal klassisch (nicht \u00fcberall verf\u00fcgbar)<\/p>\n<p>An der CPE liegen folgende Signale f\u00fcr den Radio- und TV-Empfang an:<\/p>\n<p>Radio analog \/ digital<\/p>\n<p>TV analog<\/p>\n<p>TV Kabel digital<\/p>\n<p>&nbsp;<\/p>\n<p><strong>DGTV<\/strong><\/p>\n<p>Bei DGTV erhalten Sie von Ihrem Anbieter eine Setup-Box. Diese stellt die Verbindung zwischen Ihren Netzwerk und Ihrem TV-Ger\u00e4t her.\u00a0 DGTV bietet viele Zusatzfunktionen wie zeitversetztes Fernsehen, Videorecorder im Netz u.\u00e4.<\/p>\n<p>Welche Empfangsart die f\u00fcr Sie geignet ist, ist abh\u00e4ngig von Ihren vorhandenen Empfangsger\u00e4ten und den gew\u00fcnschten Sendern. Die aktuellen Senderlisten finden Sie auf der Serviceseite Ihres Anbieters.<\/p>\n<p>DVB-T Empf\u00e4nger werden nicht unterst\u00fctzt.<\/p>\n","protected":false},"excerpt":{"rendered":"<p>Ihr Ort wurde mit Glasfaser verkabelt, die Anschlusseinheit (CPE) in Ihrem Haus montiert. Von Ihrem Betreiber werden Sie informiert, ab wann Sie die bestellten Dienste nutzen k\u00f6nnen. Dies ist in der Regel abh\u00e4ngig von der K\u00fcndigungsfrist bei Ihrem bisherigen Anbieter. Auf Wunsch k\u00f6nnen die Dienste Internet und TV oftmals schon kurz nach Installation der CPE &hellip; <a href=\"http:\/\/mit-se.net\/?page_id=10\" class=\"more-link\"><span class=\"screen-reader-text\">Glasfasertechnik<\/span> weiterlesen <span class=\"meta-nav\">&rarr;<\/span><\/a><\/p>\n","protected":false},"author":1,"featured_media":0,"parent":0,"menu_order":0,"comment_status":"closed","ping_status":"closed","template":"","meta":[],"_links":{"self":[{"href":"http:\/\/mit-se.net\/index.php?rest_route=\/wp\/v2\/pages\/10"}],"collection":[{"href":"http:\/\/mit-se.net\/index.php?rest_route=\/wp\/v2\/pages"}],"about":[{"href":"http:\/\/mit-se.net\/index.php?rest_route=\/wp\/v2\/types\/page"}],"author":[{"embeddable":true,"href":"http:\/\/mit-se.net\/index.php?rest_route=\/wp\/v2\/users\/1"}],"replies":[{"embeddable":true,"href":"http:\/\/mit-se.net\/index.php?rest_route=%2Fwp%2Fv2%2Fcomments&post=10"}],"version-history":[{"count":3,"href":"http:\/\/mit-se.net\/index.php?rest_route=\/wp\/v2\/pages\/10\/revisions"}],"predecessor-version":[{"id":53,"href":"http:\/\/mit-se.net\/index.php?rest_route=\/wp\/v2\/pages\/10\/revisions\/53"}],"wp:attachment":[{"href":"http:\/\/mit-se.net\/index.php?rest_route=%2Fwp%2Fv2%2Fmedia&parent=10"}],"curies":[{"name":"wp","href":"https:\/\/api.w.org\/{rel}","templated":true}]}}